{"id":58,"date":"2021-03-29T11:18:46","date_gmt":"2021-03-29T11:18:46","guid":{"rendered":"https:\/\/asesoriacasvi.com\/?page_id=58"},"modified":"2021-06-09T11:47:40","modified_gmt":"2021-06-09T11:47:40","slug":"area-contable","status":"publish","type":"page","link":"https:\/\/asesoriacasvi.com\/index.php\/area-contable\/","title":{"rendered":"\u00c1rea Contable"},"content":{"rendered":"\t\t<div data-elementor-type=\"wp-page\" data-elementor-id=\"58\" class=\"elementor elementor-58\">\n\t\t\t\t\t\t<section class=\"elementor-section elementor-top-section elementor-element elementor-element-2e25ee9 elementor-section-boxed elementor-section-height-default elementor-section-height-default\" data-id=\"2e25ee9\" data-element_type=\"section\" data-e-type=\"section\">\n\t\t\t\t\t\t<div class=\"elementor-container elementor-column-gap-default\">\n\t\t\t\t\t<div class=\"elementor-column elementor-col-50 elementor-top-column elementor-element elementor-element-fafd2a4\" data-id=\"fafd2a4\" data-element_type=\"column\" data-e-type=\"column\">\n\t\t\t<div class=\"elementor-widget-wrap elementor-element-populated\">\n\t\t\t\t\t\t<div class=\"elementor-element elementor-element-e36ea8d elementor-widget elementor-widget-spacer\" data-id=\"e36ea8d\" data-element_type=\"widget\" data-e-type=\"widget\" data-widget_type=\"spacer.default\">\n\t\t\t\t<div class=\"elementor-widget-container\">\n\t\t\t\t\t\t\t<div class=\"elementor-spacer\">\n\t\t\t<div class=\"elementor-spacer-inner\"><\/div>\n\t\t<\/div>\n\t\t\t\t\t\t<\/div>\n\t\t\t\t<\/div>\n\t\t\t\t<div class=\"elementor-element elementor-element-0c19d8f elementor-widget elementor-widget-heading\" data-id=\"0c19d8f\" data-element_type=\"widget\" data-e-type=\"widget\" data-widget_type=\"heading.default\">\n\t\t\t\t<div class=\"elementor-widget-container\">\n\t\t\t\t\t<h2 class=\"elementor-heading-title elementor-size-default\">Servicios de Contabilidad<\/h2>\t\t\t\t<\/div>\n\t\t\t\t<\/div>\n\t\t\t\t\t<\/div>\n\t\t<\/div>\n\t\t\t\t<div class=\"elementor-column elementor-col-50 elementor-top-column elementor-element elementor-element-96b4bc4\" data-id=\"96b4bc4\" data-element_type=\"column\" data-e-type=\"column\" data-settings=\"{&quot;background_background&quot;:&quot;classic&quot;}\">\n\t\t\t<div class=\"elementor-widget-wrap elementor-element-populated\">\n\t\t\t\t\t\t<div class=\"elementor-element elementor-element-c03a532 elementor-widget elementor-widget-spacer\" data-id=\"c03a532\" data-element_type=\"widget\" data-e-type=\"widget\" data-widget_type=\"spacer.default\">\n\t\t\t\t<div class=\"elementor-widget-container\">\n\t\t\t\t\t\t\t<div class=\"elementor-spacer\">\n\t\t\t<div class=\"elementor-spacer-inner\"><\/div>\n\t\t<\/div>\n\t\t\t\t\t\t<\/div>\n\t\t\t\t<\/div>\n\t\t\t\t\t<\/div>\n\t\t<\/div>\n\t\t\t\t\t<\/div>\n\t\t<\/section>\n\t\t\t\t<section class=\"elementor-section elementor-top-section elementor-element elementor-element-f233dfc elementor-section-boxed elementor-section-height-default elementor-section-height-default\" data-id=\"f233dfc\" data-element_type=\"section\" data-e-type=\"section\">\n\t\t\t\t\t\t<div class=\"elementor-container elementor-column-gap-default\">\n\t\t\t\t\t\t<\/div>\n\t\t<\/section>\n\t\t\t\t<section class=\"elementor-section elementor-top-section elementor-element elementor-element-2049127 elementor-section-boxed elementor-section-height-default elementor-section-height-default\" data-id=\"2049127\" data-element_type=\"section\" data-e-type=\"section\">\n\t\t\t\t\t\t<div class=\"elementor-container elementor-column-gap-default\">\n\t\t\t\t\t<div class=\"elementor-column elementor-col-100 elementor-top-column elementor-element elementor-element-8648030\" data-id=\"8648030\" data-element_type=\"column\" data-e-type=\"column\">\n\t\t\t<div class=\"elementor-widget-wrap elementor-element-populated\">\n\t\t\t\t\t\t<div class=\"elementor-element elementor-element-b8141d7 elementor-widget elementor-widget-spacer\" data-id=\"b8141d7\" data-element_type=\"widget\" data-e-type=\"widget\" data-widget_type=\"spacer.default\">\n\t\t\t\t<div class=\"elementor-widget-container\">\n\t\t\t\t\t\t\t<div class=\"elementor-spacer\">\n\t\t\t<div class=\"elementor-spacer-inner\"><\/div>\n\t\t<\/div>\n\t\t\t\t\t\t<\/div>\n\t\t\t\t<\/div>\n\t\t\t\t<div class=\"elementor-element elementor-element-1c00940 elementor-widget elementor-widget-heading\" data-id=\"1c00940\" data-element_type=\"widget\" data-e-type=\"widget\" data-widget_type=\"heading.default\">\n\t\t\t\t<div class=\"elementor-widget-container\">\n\t\t\t\t\t<h2 class=\"elementor-heading-title elementor-size-default\">A continuaci\u00f3n conoce los servicios que ofrecemos en este \u00c1rea de contabilidad que incluye:<\/h2>\t\t\t\t<\/div>\n\t\t\t\t<\/div>\n\t\t\t\t<div class=\"elementor-element elementor-element-4921c0c elementor-widget elementor-widget-spacer\" data-id=\"4921c0c\" data-element_type=\"widget\" data-e-type=\"widget\" data-widget_type=\"spacer.default\">\n\t\t\t\t<div class=\"elementor-widget-container\">\n\t\t\t\t\t\t\t<div class=\"elementor-spacer\">\n\t\t\t<div class=\"elementor-spacer-inner\"><\/div>\n\t\t<\/div>\n\t\t\t\t\t\t<\/div>\n\t\t\t\t<\/div>\n\t\t\t\t\t<\/div>\n\t\t<\/div>\n\t\t\t\t\t<\/div>\n\t\t<\/section>\n\t\t\t\t<section class=\"elementor-section elementor-top-section elementor-element elementor-element-32a2f19c elementor-section-boxed elementor-section-height-default elementor-section-height-default\" data-id=\"32a2f19c\" data-element_type=\"section\" data-e-type=\"section\">\n\t\t\t\t\t\t<div class=\"elementor-container elementor-column-gap-default\">\n\t\t\t\t\t<div class=\"elementor-column elementor-col-100 elementor-top-column elementor-element elementor-element-703a6ab3\" data-id=\"703a6ab3\" data-element_type=\"column\" data-e-type=\"column\" data-settings=\"{&quot;background_background&quot;:&quot;classic&quot;}\">\n\t\t\t<div class=\"elementor-widget-wrap elementor-element-populated\">\n\t\t\t\t\t\t<div class=\"elementor-element elementor-element-1ebf281e elementor-widget elementor-widget-text-editor\" data-id=\"1ebf281e\" data-element_type=\"widget\" data-e-type=\"widget\" data-widget_type=\"text-editor.default\">\n\t\t\t\t<div class=\"elementor-widget-container\">\n\t\t\t\t\t\t\t\t\t\n<p style=\"padding-left: 40px;\"><span style=\"color: #000000;\">Asesoramiento permanente sobre la contabilizaci\u00f3n, adaptada al Plan General Contable, de las operaciones derivadas de la actividad empresarial, partiendo de los apuntes contables facilitados por la empresa v\u00eda internet, en formato Excel, con emisi\u00f3n trimestral de Diarios, Mayor, Balances de Comprobaci\u00f3n y Situaci\u00f3n, y Cuenta de P\u00e9rdidas y Ganancias, y an\u00e1lisis trimestral de los estados contables.<\/span><\/p>\n<p style=\"padding-left: 40px;\"><\/p>\n<p style=\"padding-left: 40px;\"><span style=\"color: #000000;\">Confecci\u00f3n de las Cuentas Anuales (Balances , Cuenta de P\u00e9rdidas y Ganancias y Memoria).<\/span><\/p>\n<p style=\"padding-left: 40px;\"><span style=\"color: #000000;\"><\/span><\/p>\n<p style=\"padding-left: 40px;\"><span style=\"color: #000000;\">Dep\u00f3sito de las Cuentas Anuales en el Registro Mercantil.<\/span><\/p>\n<p style=\"padding-left: 40px;\"><span style=\"color: #000000;\"><\/span><\/p>\n<p style=\"padding-left: 40px;\"><span style=\"color: #000000;\">Legalizaci\u00f3n anual de los libros contables en el Registro Mercantil.<\/span><\/p>\n<p style=\"padding-left: 40px;\"><span style=\"color: #000000;\"><\/span><\/p>\n<p style=\"padding-left: 40px;\"><span style=\"color: #000000;\">Contabilidad de costes y de control de presupues<\/span><\/p>\n<p style=\"padding-left: 40px;\"><span style=\"color: #000000;\"><\/span><\/p>\n<p style=\"padding-left: 40px;\"><span style=\"color: #000000;\">An\u00e1lisis de estados financiero<\/span><\/p>\n<p><span style=\"color: #000000;\"><\/span><\/p>\n<p style=\"padding-left: 40px;\">\u00a0<\/p>\n<p><span style=\"color: #000000;\"><\/span><\/p>\n<p style=\"padding-left: 40px;\">\u00a0<\/p>\n\t\t\t\t\t\t\t\t<\/div>\n\t\t\t\t<\/div>\n\t\t\t\t\t<\/div>\n\t\t<\/div>\n\t\t\t\t\t<\/div>\n\t\t<\/section>\n\t\t\t\t<\/div>\n\t\t","protected":false},"excerpt":{"rendered":"<p>Servicios de Contabilidad A continuaci\u00f3n conoce los servicios que ofrecemos en este \u00c1rea de contabilidad que incluye: Asesoramiento permanente sobre la contabilizaci\u00f3n, adaptada al Plan General Contable, de las operaciones derivadas de la actividad empresarial, partiendo de los apuntes contables facilitados por la empresa v\u00eda internet, en formato Excel, con emisi\u00f3n trimestral de Diarios, Mayor, [&hellip;]<\/p>\n","protected":false},"author":1,"featured_media":0,"parent":0,"menu_order":0,"comment_status":"closed","ping_status":"closed","template":"","meta":{"ocean_post_layout":"","ocean_both_sidebars_style":"","ocean_both_sidebars_content_width":0,"ocean_both_sidebars_sidebars_width":0,"ocean_sidebar":"0","ocean_second_sidebar":"0","ocean_disable_margins":"enable","ocean_add_body_class":"","ocean_shortcode_before_top_bar":"","ocean_shortcode_after_top_bar":"","ocean_shortcode_before_header":"","ocean_shortcode_after_header":"","ocean_has_shortcode":"","ocean_shortcode_after_title":"","ocean_shortcode_before_footer_widgets":"","ocean_shortcode_after_footer_widgets":"","ocean_shortcode_before_footer_bottom":"","ocean_shortcode_after_footer_bottom":"","ocean_display_top_bar":"default","ocean_display_header":"default","ocean_header_style":"","ocean_center_header_left_menu":"0","ocean_custom_header_template":"0","ocean_custom_logo":0,"ocean_custom_retina_logo":0,"ocean_custom_logo_max_width":0,"ocean_custom_logo_tablet_max_width":0,"ocean_custom_logo_mobile_max_width":0,"ocean_custom_logo_max_height":0,"ocean_custom_logo_tablet_max_height":0,"ocean_custom_logo_mobile_max_height":0,"ocean_header_custom_menu":"0","ocean_menu_typo_font_family":"0","ocean_menu_typo_font_subset":"","ocean_menu_typo_font_size":0,"ocean_menu_typo_font_size_tablet":0,"ocean_menu_typo_font_size_mobile":0,"ocean_menu_typo_font_size_unit":"px","ocean_menu_typo_font_weight":"","ocean_menu_typo_font_weight_tablet":"","ocean_menu_typo_font_weight_mobile":"","ocean_menu_typo_transform":"","ocean_menu_typo_transform_tablet":"","ocean_menu_typo_transform_mobile":"","ocean_menu_typo_line_height":0,"ocean_menu_typo_line_height_tablet":0,"ocean_menu_typo_line_height_mobile":0,"ocean_menu_typo_line_height_unit":"","ocean_menu_typo_spacing":0,"ocean_menu_typo_spacing_tablet":0,"ocean_menu_typo_spacing_mobile":0,"ocean_menu_typo_spacing_unit":"","ocean_menu_link_color":"","ocean_menu_link_color_hover":"","ocean_menu_link_color_active":"","ocean_menu_link_background":"","ocean_menu_link_hover_background":"","ocean_menu_link_active_background":"","ocean_menu_social_links_bg":"","ocean_menu_social_hover_links_bg":"","ocean_menu_social_links_color":"","ocean_menu_social_hover_links_color":"","ocean_disable_title":"default","ocean_disable_heading":"default","ocean_post_title":"","ocean_post_subheading":"","ocean_post_title_style":"","ocean_post_title_background_color":"","ocean_post_title_background":0,"ocean_post_title_bg_image_position":"","ocean_post_title_bg_image_attachment":"","ocean_post_title_bg_image_repeat":"","ocean_post_title_bg_image_size":"","ocean_post_title_height":0,"ocean_post_title_bg_overlay":0.5,"ocean_post_title_bg_overlay_color":"","ocean_disable_breadcrumbs":"default","ocean_breadcrumbs_color":"","ocean_breadcrumbs_separator_color":"","ocean_breadcrumbs_links_color":"","ocean_breadcrumbs_links_hover_color":"","ocean_display_footer_widgets":"default","ocean_display_footer_bottom":"default","ocean_custom_footer_template":"0","footnotes":""},"class_list":["post-58","page","type-page","status-publish","hentry","entry"],"yoast_head":"<!-- This site is optimized with the Yoast SEO plugin v27.4 - https:\/\/yoast.com\/product\/yoast-seo-wordpress\/ -->\n<title>\u00c1rea Contable | Asesor&iacute;a Casvi<\/title>\n<meta name=\"robots\" content=\"index, follow, max-snippet:-1, max-image-preview:large, max-video-preview:-1\" \/>\n<link rel=\"canonical\" href=\"https:\/\/asesoriacasvi.com\/index.php\/area-contable\/\" \/>\n<meta property=\"og:locale\" content=\"es_ES\" \/>\n<meta property=\"og:type\" content=\"article\" \/>\n<meta property=\"og:title\" content=\"\u00c1rea Contable | Asesor&iacute;a Casvi\" \/>\n<meta property=\"og:description\" content=\"Servicios de Contabilidad A continuaci\u00f3n conoce los servicios que ofrecemos en este \u00c1rea de contabilidad que incluye: Asesoramiento permanente sobre la contabilizaci\u00f3n, adaptada al Plan General Contable, de las operaciones derivadas de la actividad empresarial, partiendo de los apuntes contables facilitados por la empresa v\u00eda internet, en formato Excel, con emisi\u00f3n trimestral de Diarios, Mayor, [&hellip;]\" \/>\n<meta property=\"og:url\" content=\"https:\/\/asesoriacasvi.com\/index.php\/area-contable\/\" \/>\n<meta property=\"og:site_name\" content=\"Asesor&iacute;a Casvi\" \/>\n<meta property=\"article:modified_time\" content=\"2021-06-09T11:47:40+00:00\" \/>\n<meta name=\"twitter:card\" content=\"summary_large_image\" \/>\n<meta name=\"twitter:label1\" content=\"Tiempo de lectura\" \/>\n\t<meta name=\"twitter:data1\" content=\"1 minuto\" \/>\n<script type=\"application\/ld+json\" class=\"yoast-schema-graph\">{\"@context\":\"https:\\\/\\\/schema.org\",\"@graph\":[{\"@type\":\"WebPage\",\"@id\":\"https:\\\/\\\/asesoriacasvi.com\\\/index.php\\\/area-contable\\\/\",\"url\":\"https:\\\/\\\/asesoriacasvi.com\\\/index.php\\\/area-contable\\\/\",\"name\":\"\u00c1rea Contable | Asesor&iacute;a Casvi\",\"isPartOf\":{\"@id\":\"https:\\\/\\\/asesoriacasvi.com\\\/#website\"},\"datePublished\":\"2021-03-29T11:18:46+00:00\",\"dateModified\":\"2021-06-09T11:47:40+00:00\",\"breadcrumb\":{\"@id\":\"https:\\\/\\\/asesoriacasvi.com\\\/index.php\\\/area-contable\\\/#breadcrumb\"},\"inLanguage\":\"es\",\"potentialAction\":[{\"@type\":\"ReadAction\",\"target\":[\"https:\\\/\\\/asesoriacasvi.com\\\/index.php\\\/area-contable\\\/\"]}]},{\"@type\":\"BreadcrumbList\",\"@id\":\"https:\\\/\\\/asesoriacasvi.com\\\/index.php\\\/area-contable\\\/#breadcrumb\",\"itemListElement\":[{\"@type\":\"ListItem\",\"position\":1,\"name\":\"Portada\",\"item\":\"https:\\\/\\\/asesoriacasvi.com\\\/\"},{\"@type\":\"ListItem\",\"position\":2,\"name\":\"\u00c1rea Contable\"}]},{\"@type\":\"WebSite\",\"@id\":\"https:\\\/\\\/asesoriacasvi.com\\\/#website\",\"url\":\"https:\\\/\\\/asesoriacasvi.com\\\/\",\"name\":\"Asesor&iacute;a Casvi\",\"description\":\"\",\"publisher\":{\"@id\":\"https:\\\/\\\/asesoriacasvi.com\\\/#organization\"},\"potentialAction\":[{\"@type\":\"SearchAction\",\"target\":{\"@type\":\"EntryPoint\",\"urlTemplate\":\"https:\\\/\\\/asesoriacasvi.com\\\/?s={search_term_string}\"},\"query-input\":{\"@type\":\"PropertyValueSpecification\",\"valueRequired\":true,\"valueName\":\"search_term_string\"}}],\"inLanguage\":\"es\"},{\"@type\":\"Organization\",\"@id\":\"https:\\\/\\\/asesoriacasvi.com\\\/#organization\",\"name\":\"Casvi Tax Legal, SL\",\"url\":\"https:\\\/\\\/asesoriacasvi.com\\\/\",\"logo\":{\"@type\":\"ImageObject\",\"inLanguage\":\"es\",\"@id\":\"https:\\\/\\\/asesoriacasvi.com\\\/#\\\/schema\\\/logo\\\/image\\\/\",\"url\":\"https:\\\/\\\/asesoriacasvi.com\\\/wp-content\\\/uploads\\\/2021\\\/03\\\/logo_small.png\",\"contentUrl\":\"https:\\\/\\\/asesoriacasvi.com\\\/wp-content\\\/uploads\\\/2021\\\/03\\\/logo_small.png\",\"width\":500,\"height\":153,\"caption\":\"Casvi Tax Legal, SL\"},\"image\":{\"@id\":\"https:\\\/\\\/asesoriacasvi.com\\\/#\\\/schema\\\/logo\\\/image\\\/\"}}]}<\/script>\n<!-- \/ Yoast SEO plugin. -->","yoast_head_json":{"title":"\u00c1rea Contable | Asesor&iacute;a Casvi","robots":{"index":"index","follow":"follow","max-snippet":"max-snippet:-1","max-image-preview":"max-image-preview:large","max-video-preview":"max-video-preview:-1"},"canonical":"https:\/\/asesoriacasvi.com\/index.php\/area-contable\/","og_locale":"es_ES","og_type":"article","og_title":"\u00c1rea Contable | Asesor&iacute;a Casvi","og_description":"Servicios de Contabilidad A continuaci\u00f3n conoce los servicios que ofrecemos en este \u00c1rea de contabilidad que incluye: Asesoramiento permanente sobre la contabilizaci\u00f3n, adaptada al Plan General Contable, de las operaciones derivadas de la actividad empresarial, partiendo de los apuntes contables facilitados por la empresa v\u00eda internet, en formato Excel, con emisi\u00f3n trimestral de Diarios, Mayor, [&hellip;]","og_url":"https:\/\/asesoriacasvi.com\/index.php\/area-contable\/","og_site_name":"Asesor&iacute;a Casvi","article_modified_time":"2021-06-09T11:47:40+00:00","twitter_card":"summary_large_image","twitter_misc":{"Tiempo de lectura":"1 minuto"},"schema":{"@context":"https:\/\/schema.org","@graph":[{"@type":"WebPage","@id":"https:\/\/asesoriacasvi.com\/index.php\/area-contable\/","url":"https:\/\/asesoriacasvi.com\/index.php\/area-contable\/","name":"\u00c1rea Contable | Asesor&iacute;a Casvi","isPartOf":{"@id":"https:\/\/asesoriacasvi.com\/#website"},"datePublished":"2021-03-29T11:18:46+00:00","dateModified":"2021-06-09T11:47:40+00:00","breadcrumb":{"@id":"https:\/\/asesoriacasvi.com\/index.php\/area-contable\/#breadcrumb"},"inLanguage":"es","potentialAction":[{"@type":"ReadAction","target":["https:\/\/asesoriacasvi.com\/index.php\/area-contable\/"]}]},{"@type":"BreadcrumbList","@id":"https:\/\/asesoriacasvi.com\/index.php\/area-contable\/#breadcrumb","itemListElement":[{"@type":"ListItem","position":1,"name":"Portada","item":"https:\/\/asesoriacasvi.com\/"},{"@type":"ListItem","position":2,"name":"\u00c1rea Contable"}]},{"@type":"WebSite","@id":"https:\/\/asesoriacasvi.com\/#website","url":"https:\/\/asesoriacasvi.com\/","name":"Asesor&iacute;a Casvi","description":"","publisher":{"@id":"https:\/\/asesoriacasvi.com\/#organization"},"potentialAction":[{"@type":"SearchAction","target":{"@type":"EntryPoint","urlTemplate":"https:\/\/asesoriacasvi.com\/?s={search_term_string}"},"query-input":{"@type":"PropertyValueSpecification","valueRequired":true,"valueName":"search_term_string"}}],"inLanguage":"es"},{"@type":"Organization","@id":"https:\/\/asesoriacasvi.com\/#organization","name":"Casvi Tax Legal, SL","url":"https:\/\/asesoriacasvi.com\/","logo":{"@type":"ImageObject","inLanguage":"es","@id":"https:\/\/asesoriacasvi.com\/#\/schema\/logo\/image\/","url":"https:\/\/asesoriacasvi.com\/wp-content\/uploads\/2021\/03\/logo_small.png","contentUrl":"https:\/\/asesoriacasvi.com\/wp-content\/uploads\/2021\/03\/logo_small.png","width":500,"height":153,"caption":"Casvi Tax Legal, SL"},"image":{"@id":"https:\/\/asesoriacasvi.com\/#\/schema\/logo\/image\/"}}]}},"_links":{"self":[{"href":"https:\/\/asesoriacasvi.com\/index.php\/wp-json\/wp\/v2\/pages\/58","targetHints":{"allow":["GET"]}}],"collection":[{"href":"https:\/\/asesoriacasvi.com\/index.php\/wp-json\/wp\/v2\/pages"}],"about":[{"href":"https:\/\/asesoriacasvi.com\/index.php\/wp-json\/wp\/v2\/types\/page"}],"author":[{"embeddable":true,"href":"https:\/\/asesoriacasvi.com\/index.php\/wp-json\/wp\/v2\/users\/1"}],"replies":[{"embeddable":true,"href":"https:\/\/asesoriacasvi.com\/index.php\/wp-json\/wp\/v2\/comments?post=58"}],"version-history":[{"count":18,"href":"https:\/\/asesoriacasvi.com\/index.php\/wp-json\/wp\/v2\/pages\/58\/revisions"}],"predecessor-version":[{"id":497,"href":"https:\/\/asesoriacasvi.com\/index.php\/wp-json\/wp\/v2\/pages\/58\/revisions\/497"}],"wp:attachment":[{"href":"https:\/\/asesoriacasvi.com\/index.php\/wp-json\/wp\/v2\/media?parent=58"}],"curies":[{"name":"wp","href":"https:\/\/api.w.org\/{rel}","templated":true}]}}